{"id":400,"date":"2025-02-26T19:53:15","date_gmt":"2025-02-26T19:53:15","guid":{"rendered":"https:\/\/mozambique.majiyetu.org\/?page_id=400"},"modified":"2025-03-05T18:54:13","modified_gmt":"2025-03-05T18:54:13","slug":"como-solicitar-acesso-para-carregar-arquivos-sig","status":"publish","type":"page","link":"https:\/\/mozambique.majiyetu.org\/en\/como-solicitar-acesso-para-carregar-arquivos-sig\/","title":{"rendered":"How to Upload GIS Files"},"content":{"rendered":"<h4 class=\"wp-block-heading\">How to Upload GIS Files<\/h4>\n\n\n\n<p>To upload GIS files (such as Shapefiles, GeoJSON, KML, etc.) for integration into our site's projects, please send a request via e-mail. After the request, a temporary link will be sent to your e-mail address, allowing you to securely upload your files. This link will be valid for a specified period and does not require a password to access.<\/p>\n\n\n\n<p><strong>Steps to Upload Your Files:<\/strong><\/p>\n\n\n\n<ol class=\"wp-block-list\">\n<li><strong>Send an e-mail<\/strong> to <a>info@majiyetu.org<\/a> Send an e-mail requesting access to upload GIS files. In the email, you can also mention the type of file you want to send and its purpose (e.g. contribution to a specific project).<\/li>\n\n\n\n<li><strong>Wait for reply<\/strong>. We will send a temporary link to your e-mail address that will allow you to upload your GIS files securely.<\/li>\n\n\n\n<li><strong>Use the temporary link<\/strong>. When you receive the link, click on it to access the upload form. Remember that this link will be valid for a limited time, so upload within this period.<\/li>\n\n\n\n<li><strong>Upload the GIS Files<\/strong>. After accessing the form, select the desired files (Shapefiles, GeoJSON, KML, etc.) and send them directly to our system.<\/li>\n<\/ol>\n\n\n\n<p><strong>Remarks:<\/strong><\/p>\n\n\n\n<ul class=\"wp-block-list\">\n<li>The validity of the temporary access link (eg. 24 hours , one week)<\/li>\n\n\n\n<li>Make sure you only send GIS files in the permitted formats.<\/li>\n\n\n\n<li>If you have any questions or need assistance, or if you would like to upload other type of files, please contact us by e-mail at info@majiyetu.org<\/li>\n<\/ul>","protected":false},"excerpt":{"rendered":"<p>Como carregar ficheiros SIG Para enviar arquivos SIG (como Shapefiles, GeoJSON, KML, etc.) para integra\u00e7\u00e3o nos projetos do nosso site, voc\u00ea precisar\u00e1 primeiro fazer uma solicita\u00e7\u00e3o via e-mail. Ap\u00f3s a solicita\u00e7\u00e3o, um link tempor\u00e1rio ser\u00e1 enviado para o seu e-mail, permitindo o upload seguro de seus arquivos. Este link ser\u00e1 v\u00e1lido por um per\u00edodo determinado<a class=\"more-link\" href=\"https:\/\/mozambique.majiyetu.org\/en\/como-solicitar-acesso-para-carregar-arquivos-sig\/\">Continue reading <span class=\"screen-reader-text\">&#8220;Como carregar ficheiros SIG&#8221;<\/span><\/a><\/p>","protected":false},"author":1,"featured_media":0,"parent":0,"menu_order":0,"comment_status":"closed","ping_status":"closed","template":"","meta":{"footnotes":""},"class_list":["post-400","page","type-page","status-publish","hentry","entry"],"_links":{"self":[{"href":"https:\/\/mozambique.majiyetu.org\/en\/wp-json\/wp\/v2\/pages\/400","targetHints":{"allow":["GET"]}}],"collection":[{"href":"https:\/\/mozambique.majiyetu.org\/en\/wp-json\/wp\/v2\/pages"}],"about":[{"href":"https:\/\/mozambique.majiyetu.org\/en\/wp-json\/wp\/v2\/types\/page"}],"author":[{"embeddable":true,"href":"https:\/\/mozambique.majiyetu.org\/en\/wp-json\/wp\/v2\/users\/1"}],"replies":[{"embeddable":true,"href":"https:\/\/mozambique.majiyetu.org\/en\/wp-json\/wp\/v2\/comments?post=400"}],"version-history":[{"count":4,"href":"https:\/\/mozambique.majiyetu.org\/en\/wp-json\/wp\/v2\/pages\/400\/revisions"}],"predecessor-version":[{"id":447,"href":"https:\/\/mozambique.majiyetu.org\/en\/wp-json\/wp\/v2\/pages\/400\/revisions\/447"}],"wp:attachment":[{"href":"https:\/\/mozambique.majiyetu.org\/en\/wp-json\/wp\/v2\/media?parent=400"}],"curies":[{"name":"wp","href":"https:\/\/api.w.org\/{rel}","templated":true}]}}