{"id":384,"date":"2025-01-06T18:24:39","date_gmt":"2025-01-06T18:24:39","guid":{"rendered":"https:\/\/mozambique.majiyetu.org\/?page_id=384"},"modified":"2025-01-06T18:24:40","modified_gmt":"2025-01-06T18:24:40","slug":"detecao-de-rega-namacala","status":"publish","type":"page","link":"https:\/\/mozambique.majiyetu.org\/en\/detecao-de-rega-namacala\/","title":{"rendered":"Track Irrigation (Namacala)"},"content":{"rendered":"<h4 class=\"wp-block-heading\">Track Irrigation (Namacala)<\/h4>\n\n\n\n<p>Racional para a dete\u00e7\u00e3o da irriga\u00e7\u00e3o (outubro de 2024)<\/p>\n\n\n\n<ol class=\"wp-block-list\">\n<li>Focus on the 1km bufferzone along the rivers and tributaries.<\/li>\n\n\n\n<li>Mask Tree Cover and Forests<\/li>\n\n\n\n<li>Check the found results with high resolution google earth imagery<\/li>\n<\/ol>","protected":false},"excerpt":{"rendered":"<p>Dete\u00e7\u00e3o de Rega (Namacala) Racional para a dete\u00e7\u00e3o da irriga\u00e7\u00e3o (outubro de 2024)<\/p>","protected":false},"author":1,"featured_media":0,"parent":0,"menu_order":0,"comment_status":"closed","ping_status":"closed","template":"Custom-GEE-Map-with-sidebar.php","meta":{"footnotes":""},"class_list":["post-384","page","type-page","status-publish","hentry","entry"],"_links":{"self":[{"href":"https:\/\/mozambique.majiyetu.org\/en\/wp-json\/wp\/v2\/pages\/384","targetHints":{"allow":["GET"]}}],"collection":[{"href":"https:\/\/mozambique.majiyetu.org\/en\/wp-json\/wp\/v2\/pages"}],"about":[{"href":"https:\/\/mozambique.majiyetu.org\/en\/wp-json\/wp\/v2\/types\/page"}],"author":[{"embeddable":true,"href":"https:\/\/mozambique.majiyetu.org\/en\/wp-json\/wp\/v2\/users\/1"}],"replies":[{"embeddable":true,"href":"https:\/\/mozambique.majiyetu.org\/en\/wp-json\/wp\/v2\/comments?post=384"}],"version-history":[{"count":1,"href":"https:\/\/mozambique.majiyetu.org\/en\/wp-json\/wp\/v2\/pages\/384\/revisions"}],"predecessor-version":[{"id":385,"href":"https:\/\/mozambique.majiyetu.org\/en\/wp-json\/wp\/v2\/pages\/384\/revisions\/385"}],"wp:attachment":[{"href":"https:\/\/mozambique.majiyetu.org\/en\/wp-json\/wp\/v2\/media?parent=384"}],"curies":[{"name":"wp","href":"https:\/\/api.w.org\/{rel}","templated":true}]}}