{"id":352,"date":"2024-11-23T13:39:32","date_gmt":"2024-11-23T13:39:32","guid":{"rendered":"https:\/\/mozambique.majiyetu.org\/?page_id=352"},"modified":"2024-11-24T11:09:31","modified_gmt":"2024-11-24T11:09:31","slug":"analise-da-erosao-a-escala-da-bacia","status":"publish","type":"page","link":"https:\/\/mozambique.majiyetu.org\/en\/analise-da-erosao-a-escala-da-bacia\/","title":{"rendered":"Erosion Examples in Licungo Subcatchment"},"content":{"rendered":"<h4 class=\"wp-block-heading\">Static and Dynamic Info Panel on the right of Map<br><\/h4>\n\n\n\n<p>The use of the interactive map and the details of the selected locations are visible in the information panel on the right.<\/p>\n\n\n\n<p>It may take some time before all layers are loaded. To speed up the loading only enable those layers you will be working with.<\/p>\n\n\n\n<h4 class=\"wp-block-heading\">GIS Details Provided in Map<\/h4>\n\n\n\n<figure class=\"wp-block-table\"><table class=\"has-background has-fixed-layout\" style=\"background-color:#ceebfa\"><tbody><tr><td>Potential water related soil erosion is found on (1) farmland where erosion gullies can be detected on Google Earth high resolution imagery (2) Urban and rural settlements where dirt roads and compacted soil around the dwellings qualify as \"barren soil\" and experience erosion (3) Rock fronts and exposed bedrock in rivers will also be captured as \"barren land\" but is not related to soil erosion.\n\nFor registration of erosion trends, selected areas (bbox) will be isolated and monitored for visual erosion expansion\/decline like expanding gullies or loss of gullies as result of erosion control measures.<br><br>Para o registo das tend\u00eancias da eros\u00e3o, as \u00e1reas selecionadas (bbox) ser\u00e3o isoladas e monitorizadas quanto \u00e0 expans\u00e3o\/decl\u00ednio visual da eros\u00e3o, como a expans\u00e3o de ravinas ou a perda de ravinas em resultado de medidas de controlo da eros\u00e3o.<\/td><\/tr><\/tbody><\/table><\/figure>","protected":false},"excerpt":{"rendered":"<p>Painel de informa\u00e7\u00f5es est\u00e1tico e din\u00e2mico \u00e0 direita do mapa A utiliza\u00e7\u00e3o do mapa interativo e os detalhes dos locais selecionados s\u00e3o vis\u00edveis no painel de informa\u00e7\u00f5es \u00e0 direita. Pode demorar algum tempo at\u00e9 que todas as camadas sejam carregadas. Para acelerar o carregamento, active apenas as camadas com que vai trabalhar. Detalhes do SIG<a class=\"more-link\" href=\"https:\/\/mozambique.majiyetu.org\/en\/analise-da-erosao-a-escala-da-bacia\/\">Continue reading <span class=\"screen-reader-text\">&#8220;Exemplos de eros\u00e3o na sub-bacia do Licungo&#8221;<\/span><\/a><\/p>","protected":false},"author":1,"featured_media":0,"parent":0,"menu_order":0,"comment_status":"closed","ping_status":"closed","template":"Custom-GEE-Map-with-sidebar.php","meta":{"footnotes":""},"class_list":["post-352","page","type-page","status-publish","hentry","entry"],"_links":{"self":[{"href":"https:\/\/mozambique.majiyetu.org\/en\/wp-json\/wp\/v2\/pages\/352","targetHints":{"allow":["GET"]}}],"collection":[{"href":"https:\/\/mozambique.majiyetu.org\/en\/wp-json\/wp\/v2\/pages"}],"about":[{"href":"https:\/\/mozambique.majiyetu.org\/en\/wp-json\/wp\/v2\/types\/page"}],"author":[{"embeddable":true,"href":"https:\/\/mozambique.majiyetu.org\/en\/wp-json\/wp\/v2\/users\/1"}],"replies":[{"embeddable":true,"href":"https:\/\/mozambique.majiyetu.org\/en\/wp-json\/wp\/v2\/comments?post=352"}],"version-history":[{"count":6,"href":"https:\/\/mozambique.majiyetu.org\/en\/wp-json\/wp\/v2\/pages\/352\/revisions"}],"predecessor-version":[{"id":381,"href":"https:\/\/mozambique.majiyetu.org\/en\/wp-json\/wp\/v2\/pages\/352\/revisions\/381"}],"wp:attachment":[{"href":"https:\/\/mozambique.majiyetu.org\/en\/wp-json\/wp\/v2\/media?parent=352"}],"curies":[{"name":"wp","href":"https:\/\/api.w.org\/{rel}","templated":true}]}}