{"id":237,"date":"2024-11-23T14:00:17","date_gmt":"2024-11-23T14:00:17","guid":{"rendered":"https:\/\/mozambique.majiyetu.org\/?page_id=237"},"modified":"2024-11-24T11:00:24","modified_gmt":"2024-11-24T11:00:24","slug":"erosion-analysis","status":"publish","type":"page","link":"https:\/\/mozambique.majiyetu.org\/en\/erosion-analysis\/","title":{"rendered":"Erosion Detection"},"content":{"rendered":"<hr class=\"wp-block-separator has-alpha-channel-opacity is-style-wide\"\/>\n\n\n\n<h4 class=\"wp-block-heading has-text-align-center\" style=\"padding-top:var(--wp--preset--spacing--70);padding-right:var(--wp--preset--spacing--30);padding-bottom:var(--wp--preset--spacing--70);padding-left:var(--wp--preset--spacing--30)\">Erosion Detection<\/h4>\n\n\n\n<div class=\"wp-block-columns is-layout-flex wp-container-core-columns-is-layout-9d6595d7 wp-block-columns-is-layout-flex\">\n<div class=\"wp-block-column is-layout-flow wp-block-column-is-layout-flow\">\n<figure class=\"wp-block-image size-large is-resized\"><img decoding=\"async\" src=\"https:\/\/mozambique.majiyetu.org\/wp-content\/uploads\/2024\/11\/legend-ESA-worldwide-LandUse-v100-.png\" alt=\"\" style=\"width:289px;height:auto\"\/><\/figure>\n<\/div>\n\n\n\n<div class=\"wp-block-column is-layout-flow wp-block-column-is-layout-flow\">\n<p>Legend ESA World Cover LandUse Map, 10m.px from 2020. See Map Layer ESA Land Cover (AOI)<\/p>\n\n\n\n<p>Most erosion-sensitive areas with a slope of 3 degrees or more are found in the Barren Land, Crop Land and Grass Land layers. The \u201cForest\u201d layer is included to monitor the expansion of the \u201cFood Forest\u201d (Trees) and to detect erosion as a result of deforestation.<\/p>\n\n\n\n<p>The specified land use category layers are included in the map.<\/p>\n<\/div>\n<\/div>\n\n\n\n<h4 class=\"wp-block-heading\">GIS Details Provided in Map<\/h4>\n\n\n\n<figure class=\"wp-block-table\"><table class=\"has-background has-fixed-layout\" style=\"background-color:#ceebfa\"><tbody><tr><td>1. High-resolution images from Google Earth to inspect the soil conditions on the date of the image. (Check the date in GE&gt;View&gt;Historical images).<br>2. Topography Licungo sub-basin (FoodForest) - 30m\/px DEM raster. Minimum elevation 200m and maximum 2200 metres above sea level. Slide the transparency in \u2018Layers\u2019 and select the Map&gt;Terrain box to combine the DEM with 20m contour lines for better visualisation. (Example)<br>3. Slopes greater than 3 degrees are assumed to be more sensitive to water-related soil erosion. All slopes exceeding 3 degrees are coloured red (\u2018Slope\u2019 layer).<br>4. The ESA Land Use WorldCover for 2020 is used, which contains more details on \u2018barren land\u2019. Farmland and grassland that could be affected by erosion are also included as individual layers to make it easier to search for potential erosion areas. For comparison, the ESA WorldCover 2021 algorithm for 2021 is included as a layer.<br>5. The forest layer, is expected not to erode. However in case of deforestation It is possible to track the impact on erosion in forested areas and observe trends since 2020.<br>6. The complete set of land use layers can be assessed within the ESA Land Cover Layers.<\/td><\/tr><\/tbody><\/table><\/figure>\n\n\n\n<hr class=\"wp-block-separator has-alpha-channel-opacity\"\/>\n\n\n\n<h4 class=\"wp-block-heading\">Procedure for Verifying Known Eroded Areas:<\/h4>\n\n\n\n<ol class=\"wp-block-list\">\n<li>In \"Google Earth (GE)\" zoom to known eroded area and check and memorize nearby place label (do not forget to check box in GE \"borders and labels\")<\/li>\n\n\n\n<li>Fill name in \"Search\" window \"Google Earth Engine\" Map on Maji Yetu webpage.<\/li>\n\n\n\n<li>Click and drag map to required known location (hand symbol upper left), check land use category of eroded by switching between land use layers in the upper right<\/li>\n\n\n\n<li>Select areas of interests (AOI) and save in GE as polygon or rectangular kml files. Share the AOI-s with maji yetu to select appropriate areas for monitoring of erosion sensitive area.<\/li>\n<\/ol>\n\n\n\n<hr class=\"wp-block-separator has-alpha-channel-opacity\"\/>\n\n\n\n<h4 class=\"wp-block-heading\"><a href=\"https:\/\/mozambique.majiyetu.org\/analise-da-erosao-a-escala-da-bacia\/\" data-type=\"page\" data-id=\"352\">Examples of Erosion and Performance Land Use Categories<\/a><\/h4>\n\n\n\n<p><a href=\"https:\/\/mozambique.majiyetu.org\/analise-da-erosao-a-escala-da-bacia\/\" data-type=\"page\" data-id=\"352\">Visit the Google Earth Engine map<\/a> with examples of erosion and limitations of applying land use categories. On this map, the visual and calculated monitoring routine will be carried out.<\/p>\n\n\n\n<p><\/p>","protected":false},"excerpt":{"rendered":"<p>Dete\u00e7\u00e3o de Eros\u00e3o Legenda da ESA Categorias de uso do solo da cobertura mundial (10m\/pixel , 2020). Mapa do Google Earth Engine, camada \u201cESA Land Cover\u201d A maioria das zonas sens\u00edveis \u00e0 eros\u00e3o com declive de 3 graus ou mais encontra-se nas camadas \u201cterra est\u00e9ril\u201d (Barren Land), \u201cterra de cultivo\u201d (Crop Land) e \u201cprados\u201d (Grass<a class=\"more-link\" href=\"https:\/\/mozambique.majiyetu.org\/en\/erosion-analysis\/\">Continue reading <span class=\"screen-reader-text\">&#8220;Dete\u00e7\u00e3o de Eros\u00e3o&#8221;<\/span><\/a><\/p>","protected":false},"author":1,"featured_media":0,"parent":0,"menu_order":0,"comment_status":"closed","ping_status":"closed","template":"Custom-GEE-Map-with-sidebar.php","meta":{"footnotes":""},"class_list":["post-237","page","type-page","status-publish","hentry","entry"],"_links":{"self":[{"href":"https:\/\/mozambique.majiyetu.org\/en\/wp-json\/wp\/v2\/pages\/237","targetHints":{"allow":["GET"]}}],"collection":[{"href":"https:\/\/mozambique.majiyetu.org\/en\/wp-json\/wp\/v2\/pages"}],"about":[{"href":"https:\/\/mozambique.majiyetu.org\/en\/wp-json\/wp\/v2\/types\/page"}],"author":[{"embeddable":true,"href":"https:\/\/mozambique.majiyetu.org\/en\/wp-json\/wp\/v2\/users\/1"}],"replies":[{"embeddable":true,"href":"https:\/\/mozambique.majiyetu.org\/en\/wp-json\/wp\/v2\/comments?post=237"}],"version-history":[{"count":23,"href":"https:\/\/mozambique.majiyetu.org\/en\/wp-json\/wp\/v2\/pages\/237\/revisions"}],"predecessor-version":[{"id":379,"href":"https:\/\/mozambique.majiyetu.org\/en\/wp-json\/wp\/v2\/pages\/237\/revisions\/379"}],"wp:attachment":[{"href":"https:\/\/mozambique.majiyetu.org\/en\/wp-json\/wp\/v2\/media?parent=237"}],"curies":[{"name":"wp","href":"https:\/\/api.w.org\/{rel}","templated":true}]}}